{"id":16124,"date":"2020-07-02T17:41:06","date_gmt":"2020-07-02T15:41:06","guid":{"rendered":"http:\/\/www.finelouche.petitlezard.com\/?page_id=16124"},"modified":"2020-07-02T17:54:32","modified_gmt":"2020-07-02T15:54:32","slug":"special-concours","status":"publish","type":"page","link":"http:\/\/www.finelouche.petitlezard.com\/?page_id=16124","title":{"rendered":"Sp\u00e9cial concours"},"content":{"rendered":"<p>[et_pb_section fb_built=\u00a0\u00bb1&Prime; _builder_version=\u00a0\u00bb3.19.15&Prime;][et_pb_row _builder_version=\u00a0\u00bb3.19.15&Prime;][et_pb_column type=\u00a0\u00bb1_2&Prime; _builder_version=\u00a0\u00bb3.19.15&Prime;][et_pb_text _builder_version=\u00a0\u00bb3.19.15&Prime;]<\/p>\n<h2>Les consignes du concours<\/h2>\n<h4>En partenariat avec la librairie \u00ab\u00a0Jeux Lis L\u00e0\u00a0\u00bb (Paris 7\u00e8me).\u00a0<\/h4>\n<h4>Mail : jeuxlisla@orange.fr<\/h4>\n<p>[\/et_pb_text][et_pb_image box_shadow_style=\u00a0\u00bbpreset1&Prime; src=\u00a0\u00bbhttp:\/\/www.finelouche.petitlezard.com\/wp-content\/uploads\/2020\/07\/affiche-concours-SC-scaled.jpg\u00a0\u00bb _builder_version=\u00a0\u00bb3.19.15&Prime;][\/et_pb_image][\/et_pb_column][et_pb_column type=\u00a0\u00bb1_2&Prime; _builder_version=\u00a0\u00bb3.19.15&Prime;][et_pb_text _builder_version=\u00a0\u00bb3.19.15&Prime;]<\/p>\n<h2>Ton mod\u00e8le \u00e0 imprimer<\/h2>\n<h4>Clique sur l&rsquo;image pour pouvoir la t\u00e9l\u00e9charger\u00a0<\/h4>\n<p>[\/et_pb_text][et_pb_cta use_background_color=\u00a0\u00bboff\u00a0\u00bb box_shadow_style=\u00a0\u00bbpreset1&Prime; button_text=\u00a0\u00bbClick Here\u00a0\u00bb _builder_version=\u00a0\u00bb3.19.15&Prime;]<\/p>\n<p><a href=\"http:\/\/www.finelouche.petitlezard.com\/wp-content\/uploads\/2020\/07\/matrice-couv-scaled.jpg\" target=\"_blank\" rel=\"noopener noreferrer\"><img loading=\"lazy\" decoding=\"async\" src=\"http:\/\/www.finelouche.petitlezard.com\/wp-content\/uploads\/2020\/07\/matrice-couv-756x1024.jpg\" width=\"756\" height=\"1024\" alt=\"\" class=\"wp-image-16132 aligncenter size-large\" srcset=\"http:\/\/www.finelouche.petitlezard.com\/wp-content\/uploads\/2020\/07\/matrice-couv-756x1024.jpg 756w, http:\/\/www.finelouche.petitlezard.com\/wp-content\/uploads\/2020\/07\/matrice-couv-222x300.jpg 222w, http:\/\/www.finelouche.petitlezard.com\/wp-content\/uploads\/2020\/07\/matrice-couv-768x1040.jpg 768w, http:\/\/www.finelouche.petitlezard.com\/wp-content\/uploads\/2020\/07\/matrice-couv-1134x1536.jpg 1134w, http:\/\/www.finelouche.petitlezard.com\/wp-content\/uploads\/2020\/07\/matrice-couv-1513x2048.jpg 1513w, http:\/\/www.finelouche.petitlezard.com\/wp-content\/uploads\/2020\/07\/matrice-couv-1080x1462.jpg 1080w, http:\/\/www.finelouche.petitlezard.com\/wp-content\/uploads\/2020\/07\/matrice-couv-18x24.jpg 18w, http:\/\/www.finelouche.petitlezard.com\/wp-content\/uploads\/2020\/07\/matrice-couv-27x36.jpg 27w, http:\/\/www.finelouche.petitlezard.com\/wp-content\/uploads\/2020\/07\/matrice-couv-35x48.jpg 35w, http:\/\/www.finelouche.petitlezard.com\/wp-content\/uploads\/2020\/07\/matrice-couv-scaled.jpg 1891w\" sizes=\"auto, (max-width: 756px) 100vw, 756px\" \/><\/a><\/p>\n<p>[\/et_pb_cta][\/et_pb_column][\/et_pb_row][\/et_pb_section]<\/p>\n","protected":false},"excerpt":{"rendered":"<p>[et_pb_section fb_built=\u00a0\u00bb1&Prime; _builder_version=\u00a0\u00bb3.19.15&Prime;][et_pb_row _builder_version=\u00a0\u00bb3.19.15&Prime;][et_pb_column type=\u00a0\u00bb1_2&Prime; _builder_version=\u00a0\u00bb3.19.15&Prime;][et_pb_text _builder_version=\u00a0\u00bb3.19.15&Prime;] Les consignes du concours En partenariat avec la librairie \u00ab\u00a0Jeux Lis L\u00e0\u00a0\u00bb (Paris 7\u00e8me).\u00a0 Mail : jeuxlisla@orange.fr [\/et_pb_text][et_pb_image box_shadow_style=\u00a0\u00bbpreset1&Prime; src=\u00a0\u00bbhttp:\/\/www.finelouche.petitlezard.com\/wp-content\/uploads\/2020\/07\/affiche-concours-SC-scaled.jpg\u00a0\u00bb _builder_version=\u00a0\u00bb3.19.15&Prime;][\/et_pb_image][\/et_pb_column][et_pb_column type=\u00a0\u00bb1_2&Prime; _builder_version=\u00a0\u00bb3.19.15&Prime;][et_pb_text _builder_version=\u00a0\u00bb3.19.15&Prime;] Ton mod\u00e8le \u00e0 imprimer Clique sur l&rsquo;image pour pouvoir la t\u00e9l\u00e9charger\u00a0 [\/et_pb_text][et_pb_cta use_background_color=\u00a0\u00bboff\u00a0\u00bb box_shadow_style=\u00a0\u00bbpreset1&Prime; button_text=\u00a0\u00bbClick Here\u00a0\u00bb _builder_version=\u00a0\u00bb3.19.15&Prime;] [\/et_pb_cta][\/et_pb_column][\/et_pb_row][\/et_pb_section]<\/p>\n","protected":false},"author":1,"featured_media":0,"parent":0,"menu_order":0,"comment_status":"closed","ping_status":"closed","template":"","meta":{"_et_pb_use_builder":"on","_et_pb_old_content":"","spay_email":"","footnotes":""},"class_list":["post-16124","page","type-page","status-publish","hentry"],"yoast_head":"<!-- This site is optimized with the Yoast SEO plugin v18.6 - https:\/\/yoast.com\/wordpress\/plugins\/seo\/ -->\n<title>Sp\u00e9cial concours - Finelouche - Laurent Audouin - Am\u00e9lie Sarn<\/title>\n<meta name=\"description\" content=\"Les consignes du concours En partenariat avec la librairie &quot;Jeux Lis L\u00e0&quot; (Paris 7\u00e8me).\u00a0 Mail : jeuxlisla@orange.fr Ton mod\u00e8le \u00e0 imprimer Clique sur\" \/>\n<meta name=\"robots\" content=\"index, follow, max-snippet:-1, max-image-preview:large, max-video-preview:-1\" \/>\n<link rel=\"canonical\" href=\"http:\/\/www.finelouche.petitlezard.com\/?page_id=16124\" \/>\n<meta property=\"og:locale\" content=\"fr_FR\" \/>\n<meta property=\"og:type\" content=\"article\" \/>\n<meta property=\"og:title\" content=\"Sp\u00e9cial concours - Finelouche - Laurent Audouin - Am\u00e9lie Sarn\" \/>\n<meta property=\"og:description\" content=\"Les consignes du concours En partenariat avec la librairie &quot;Jeux Lis L\u00e0&quot; (Paris 7\u00e8me).\u00a0 Mail : jeuxlisla@orange.fr Ton mod\u00e8le \u00e0 imprimer Clique sur\" \/>\n<meta property=\"og:url\" content=\"http:\/\/www.finelouche.petitlezard.com\/?page_id=16124\" \/>\n<meta property=\"og:site_name\" content=\"Finelouche - Laurent Audouin - Am\u00e9lie Sarn\" \/>\n<meta property=\"article:modified_time\" content=\"2020-07-02T15:54:32+00:00\" \/>\n<meta property=\"og:image\" content=\"http:\/\/www.finelouche.petitlezard.com\/wp-content\/uploads\/2020\/07\/matrice-couv-756x1024.jpg\" \/>\n<meta name=\"twitter:card\" content=\"summary_large_image\" \/>\n<meta name=\"twitter:label1\" content=\"Dur\u00e9e de lecture estim\u00e9e\" \/>\n\t<meta name=\"twitter:data1\" content=\"1 minute\" \/>\n<script type=\"application\/ld+json\" class=\"yoast-schema-graph\">{\"@context\":\"https:\/\/schema.org\",\"@graph\":[{\"@type\":[\"Person\",\"Organization\"],\"@id\":\"http:\/\/www.finelouche.petitlezard.com\/#\/schema\/person\/73f67114688c057c63ebe91fff4b86c4\",\"name\":\"Laurent Audouin\",\"image\":{\"@type\":\"ImageObject\",\"@id\":\"http:\/\/www.finelouche.petitlezard.com\/#personlogo\",\"inLanguage\":\"fr-FR\",\"url\":\"http:\/\/www.finelouche.petitlezard.com\/wp-content\/uploads\/2019\/04\/dedicaces-1-1024x856.jpg\",\"contentUrl\":\"http:\/\/www.finelouche.petitlezard.com\/wp-content\/uploads\/2019\/04\/dedicaces-1-1024x856.jpg\",\"width\":1024,\"height\":856,\"caption\":\"Laurent Audouin\"},\"logo\":{\"@id\":\"http:\/\/www.finelouche.petitlezard.com\/#personlogo\"},\"sameAs\":[\"http:\/\/www.finelouche.petitlezard.com\/wp-admin\/user-new.php\"]},{\"@type\":\"WebSite\",\"@id\":\"http:\/\/www.finelouche.petitlezard.com\/#website\",\"url\":\"http:\/\/www.finelouche.petitlezard.com\/\",\"name\":\"Finelouche - Laurent Audouin - Am\u00e9lie Sarn\",\"description\":\"D\u00e9couvrez les aventures fantastiques de Sacr\u00e9-Coeur et Victor et Ad\u00e9lie, aventuriers axtraordinaires, ainsi que leurs auteurs Laurent Audouin et Am\u00e9lie Sarn.\",\"publisher\":{\"@id\":\"http:\/\/www.finelouche.petitlezard.com\/#\/schema\/person\/73f67114688c057c63ebe91fff4b86c4\"},\"potentialAction\":[{\"@type\":\"SearchAction\",\"target\":{\"@type\":\"EntryPoint\",\"urlTemplate\":\"http:\/\/www.finelouche.petitlezard.com\/?s={search_term_string}\"},\"query-input\":\"required name=search_term_string\"}],\"inLanguage\":\"fr-FR\"},{\"@type\":\"ImageObject\",\"@id\":\"http:\/\/www.finelouche.petitlezard.com\/?page_id=16124#primaryimage\",\"inLanguage\":\"fr-FR\",\"url\":\"http:\/\/www.finelouche.petitlezard.com\/wp-content\/uploads\/2020\/07\/matrice-couv-756x1024.jpg\",\"contentUrl\":\"http:\/\/www.finelouche.petitlezard.com\/wp-content\/uploads\/2020\/07\/matrice-couv-756x1024.jpg\"},{\"@type\":\"WebPage\",\"@id\":\"http:\/\/www.finelouche.petitlezard.com\/?page_id=16124#webpage\",\"url\":\"http:\/\/www.finelouche.petitlezard.com\/?page_id=16124\",\"name\":\"Sp\u00e9cial concours - Finelouche - Laurent Audouin - Am\u00e9lie Sarn\",\"isPartOf\":{\"@id\":\"http:\/\/www.finelouche.petitlezard.com\/#website\"},\"primaryImageOfPage\":{\"@id\":\"http:\/\/www.finelouche.petitlezard.com\/?page_id=16124#primaryimage\"},\"datePublished\":\"2020-07-02T15:41:06+00:00\",\"dateModified\":\"2020-07-02T15:54:32+00:00\",\"description\":\"Les consignes du concours En partenariat avec la librairie \\\"Jeux Lis L\u00e0\\\" (Paris 7\u00e8me).\u00a0 Mail : jeuxlisla@orange.fr Ton mod\u00e8le \u00e0 imprimer Clique sur\",\"breadcrumb\":{\"@id\":\"http:\/\/www.finelouche.petitlezard.com\/?page_id=16124#breadcrumb\"},\"inLanguage\":\"fr-FR\",\"potentialAction\":[{\"@type\":\"ReadAction\",\"target\":[\"http:\/\/www.finelouche.petitlezard.com\/?page_id=16124\"]}]},{\"@type\":\"BreadcrumbList\",\"@id\":\"http:\/\/www.finelouche.petitlezard.com\/?page_id=16124#breadcrumb\",\"itemListElement\":[{\"@type\":\"ListItem\",\"position\":1,\"name\":\"Accueil\",\"item\":\"http:\/\/www.finelouche.petitlezard.com\/\"},{\"@type\":\"ListItem\",\"position\":2,\"name\":\"Sp\u00e9cial concours\"}]}]}<\/script>\n<!-- \/ Yoast SEO plugin. -->","yoast_head_json":{"title":"Sp\u00e9cial concours - Finelouche - Laurent Audouin - Am\u00e9lie Sarn","description":"Les consignes du concours En partenariat avec la librairie \"Jeux Lis L\u00e0\" (Paris 7\u00e8me).\u00a0 Mail : jeuxlisla@orange.fr Ton mod\u00e8le \u00e0 imprimer Clique sur","robots":{"index":"index","follow":"follow","max-snippet":"max-snippet:-1","max-image-preview":"max-image-preview:large","max-video-preview":"max-video-preview:-1"},"canonical":"http:\/\/www.finelouche.petitlezard.com\/?page_id=16124","og_locale":"fr_FR","og_type":"article","og_title":"Sp\u00e9cial concours - Finelouche - Laurent Audouin - Am\u00e9lie Sarn","og_description":"Les consignes du concours En partenariat avec la librairie \"Jeux Lis L\u00e0\" (Paris 7\u00e8me).\u00a0 Mail : jeuxlisla@orange.fr Ton mod\u00e8le \u00e0 imprimer Clique sur","og_url":"http:\/\/www.finelouche.petitlezard.com\/?page_id=16124","og_site_name":"Finelouche - Laurent Audouin - Am\u00e9lie Sarn","article_modified_time":"2020-07-02T15:54:32+00:00","og_image":[{"url":"http:\/\/www.finelouche.petitlezard.com\/wp-content\/uploads\/2020\/07\/matrice-couv-756x1024.jpg"}],"twitter_card":"summary_large_image","twitter_misc":{"Dur\u00e9e de lecture estim\u00e9e":"1 minute"},"schema":{"@context":"https:\/\/schema.org","@graph":[{"@type":["Person","Organization"],"@id":"http:\/\/www.finelouche.petitlezard.com\/#\/schema\/person\/73f67114688c057c63ebe91fff4b86c4","name":"Laurent Audouin","image":{"@type":"ImageObject","@id":"http:\/\/www.finelouche.petitlezard.com\/#personlogo","inLanguage":"fr-FR","url":"http:\/\/www.finelouche.petitlezard.com\/wp-content\/uploads\/2019\/04\/dedicaces-1-1024x856.jpg","contentUrl":"http:\/\/www.finelouche.petitlezard.com\/wp-content\/uploads\/2019\/04\/dedicaces-1-1024x856.jpg","width":1024,"height":856,"caption":"Laurent Audouin"},"logo":{"@id":"http:\/\/www.finelouche.petitlezard.com\/#personlogo"},"sameAs":["http:\/\/www.finelouche.petitlezard.com\/wp-admin\/user-new.php"]},{"@type":"WebSite","@id":"http:\/\/www.finelouche.petitlezard.com\/#website","url":"http:\/\/www.finelouche.petitlezard.com\/","name":"Finelouche - Laurent Audouin - Am\u00e9lie Sarn","description":"D\u00e9couvrez les aventures fantastiques de Sacr\u00e9-Coeur et Victor et Ad\u00e9lie, aventuriers axtraordinaires, ainsi que leurs auteurs Laurent Audouin et Am\u00e9lie Sarn.","publisher":{"@id":"http:\/\/www.finelouche.petitlezard.com\/#\/schema\/person\/73f67114688c057c63ebe91fff4b86c4"},"potentialAction":[{"@type":"SearchAction","target":{"@type":"EntryPoint","urlTemplate":"http:\/\/www.finelouche.petitlezard.com\/?s={search_term_string}"},"query-input":"required name=search_term_string"}],"inLanguage":"fr-FR"},{"@type":"ImageObject","@id":"http:\/\/www.finelouche.petitlezard.com\/?page_id=16124#primaryimage","inLanguage":"fr-FR","url":"http:\/\/www.finelouche.petitlezard.com\/wp-content\/uploads\/2020\/07\/matrice-couv-756x1024.jpg","contentUrl":"http:\/\/www.finelouche.petitlezard.com\/wp-content\/uploads\/2020\/07\/matrice-couv-756x1024.jpg"},{"@type":"WebPage","@id":"http:\/\/www.finelouche.petitlezard.com\/?page_id=16124#webpage","url":"http:\/\/www.finelouche.petitlezard.com\/?page_id=16124","name":"Sp\u00e9cial concours - Finelouche - Laurent Audouin - Am\u00e9lie Sarn","isPartOf":{"@id":"http:\/\/www.finelouche.petitlezard.com\/#website"},"primaryImageOfPage":{"@id":"http:\/\/www.finelouche.petitlezard.com\/?page_id=16124#primaryimage"},"datePublished":"2020-07-02T15:41:06+00:00","dateModified":"2020-07-02T15:54:32+00:00","description":"Les consignes du concours En partenariat avec la librairie \"Jeux Lis L\u00e0\" (Paris 7\u00e8me).\u00a0 Mail : jeuxlisla@orange.fr Ton mod\u00e8le \u00e0 imprimer Clique sur","breadcrumb":{"@id":"http:\/\/www.finelouche.petitlezard.com\/?page_id=16124#breadcrumb"},"inLanguage":"fr-FR","potentialAction":[{"@type":"ReadAction","target":["http:\/\/www.finelouche.petitlezard.com\/?page_id=16124"]}]},{"@type":"BreadcrumbList","@id":"http:\/\/www.finelouche.petitlezard.com\/?page_id=16124#breadcrumb","itemListElement":[{"@type":"ListItem","position":1,"name":"Accueil","item":"http:\/\/www.finelouche.petitlezard.com\/"},{"@type":"ListItem","position":2,"name":"Sp\u00e9cial concours"}]}]}},"amp_enabled":true,"_links":{"self":[{"href":"http:\/\/www.finelouche.petitlezard.com\/index.php?rest_route=\/wp\/v2\/pages\/16124","targetHints":{"allow":["GET"]}}],"collection":[{"href":"http:\/\/www.finelouche.petitlezard.com\/index.php?rest_route=\/wp\/v2\/pages"}],"about":[{"href":"http:\/\/www.finelouche.petitlezard.com\/index.php?rest_route=\/wp\/v2\/types\/page"}],"author":[{"embeddable":true,"href":"http:\/\/www.finelouche.petitlezard.com\/index.php?rest_route=\/wp\/v2\/users\/1"}],"replies":[{"embeddable":true,"href":"http:\/\/www.finelouche.petitlezard.com\/index.php?rest_route=%2Fwp%2Fv2%2Fcomments&post=16124"}],"version-history":[{"count":3,"href":"http:\/\/www.finelouche.petitlezard.com\/index.php?rest_route=\/wp\/v2\/pages\/16124\/revisions"}],"predecessor-version":[{"id":16133,"href":"http:\/\/www.finelouche.petitlezard.com\/index.php?rest_route=\/wp\/v2\/pages\/16124\/revisions\/16133"}],"wp:attachment":[{"href":"http:\/\/www.finelouche.petitlezard.com\/index.php?rest_route=%2Fwp%2Fv2%2Fmedia&parent=16124"}],"curies":[{"name":"wp","href":"https:\/\/api.w.org\/{rel}","templated":true}]}}