{"id":15606,"date":"2020-05-08T14:28:42","date_gmt":"2020-05-08T12:28:42","guid":{"rendered":"http:\/\/www.finelouche.petitlezard.com\/?page_id=15606"},"modified":"2020-06-01T10:45:32","modified_gmt":"2020-06-01T08:45:32","slug":"petite-exposition-de-penart-audouin","status":"publish","type":"page","link":"http:\/\/www.finelouche.petitlezard.com\/?page_id=15606","title":{"rendered":"Exposition De Pennart-Audouin"},"content":{"rendered":"<p>[et_pb_section fb_built=\u00a0\u00bb1&Prime; _builder_version=\u00a0\u00bb3.19.15&Prime; locked=\u00a0\u00bboff\u00a0\u00bb][et_pb_row _builder_version=\u00a0\u00bb3.19.15&Prime;][et_pb_column type=\u00a0\u00bb4_4&Prime; _builder_version=\u00a0\u00bb3.19.15&Prime;][et_pb_text _builder_version=\u00a0\u00bb3.19.15&Prime;]<\/p>\n<h3>Geoffroy De Pennart et Laurent Audouin sont deux auteurs-illustrateurs jeunesse. De leur Amiti\u00e9 est n\u00e9e une Exposition commune compos\u00e9e d&rsquo;une quarantaine de panneaux, \u00e0 la fois p\u00e9dagogique et ludique qui d\u00e9voilent les coulisses de leurs cr\u00e9ations et les passerelles qui relient leurs deux univers.<\/h3>\n<p>Ils expliquent les diff\u00e9rentes \u00e9tapes de la r\u00e9alisation de leurs albums. Les enfants et les adultes y trouveront les r\u00e9ponses aux questions qu&rsquo;ils se posent, et m\u00eame \u00e0 celles qu&rsquo;ils ne se posent pas.<\/p>\n<p>Nous sommes r\u00e9guli\u00e8rement sollicit\u00e9s pour des rencontres en commun (du CP au CM2) et nous appr\u00e9cions vraiment nous retrouver \u00e0 ces occasions. N&rsquo;h\u00e9sitez pas \u00e0 nous le demander.<\/p>\n<h5>Pour d\u00e9couvrir la fiche technique : <a href=\"https:\/\/www.geoffroydepennart.com\/sites\/default\/files\/expo-fiche-technique.pdf\" target=\"_blank\" rel=\"noopener noreferrer\"><span style=\"color: #ff0000;\"><strong><span style=\"text-decoration: underline;\">Cliquez ici<\/span><\/strong><\/span><\/a><\/h5>\n<h5><span style=\"color: #000000;\">Pour visiter site de Geoffroy de Pennart<\/span> <strong>:\u00a0<span style=\"text-decoration: underline; color: #ff0000;\"><a style=\"color: #ff0000; text-decoration: underline;\" href=\"https:\/\/www.geoffroydepennart.com\/\" target=\"_blank\" rel=\"noopener noreferrer\">https:\/\/www.geoffroydepennart.com\/<\/a><\/span><\/strong><\/h5>\n<p>[\/et_pb_text][\/et_pb_column][\/et_pb_row][et_pb_row _builder_version=\u00a0\u00bb3.19.15&Prime;][et_pb_column type=\u00a0\u00bb1_2&Prime; _builder_version=\u00a0\u00bb3.19.15&Prime;][et_pb_text _builder_version=\u00a0\u00bb3.19.15&Prime;]<\/p>\n<h3 style=\"text-align: center;\">Geoffroy De Pennart<\/h3>\n<p>[\/et_pb_text][et_pb_image src=\u00a0\u00bbhttp:\/\/www.finelouche.petitlezard.com\/wp-content\/uploads\/2020\/05\/geoffroy1-scaled.jpg\u00a0\u00bb _builder_version=\u00a0\u00bb3.19.15&Prime; box_shadow_style=\u00a0\u00bbpreset1&Prime;][\/et_pb_image][\/et_pb_column][et_pb_column type=\u00a0\u00bb1_2&Prime; _builder_version=\u00a0\u00bb3.19.15&Prime;][et_pb_text _builder_version=\u00a0\u00bb3.19.15&Prime;]<\/p>\n<h3 style=\"text-align: center;\">Laurent Audouin<\/h3>\n<p>[\/et_pb_text][et_pb_image src=\u00a0\u00bbhttp:\/\/www.finelouche.petitlezard.com\/wp-content\/uploads\/2020\/05\/panneau-1-scaled.jpg\u00a0\u00bb _builder_version=\u00a0\u00bb3.19.15&Prime; box_shadow_style=\u00a0\u00bbpreset1&Prime;][\/et_pb_image][\/et_pb_column][\/et_pb_row][et_pb_row _builder_version=\u00a0\u00bb3.19.15&Prime;][et_pb_column type=\u00a0\u00bb1_2&Prime; _builder_version=\u00a0\u00bb3.19.15&Prime;][et_pb_gallery gallery_ids=\u00a0\u00bb15673,15674,15685,15686,15687&Prime; posts_number=\u00a0\u00bb2&Prime; _builder_version=\u00a0\u00bb3.19.15&Prime;][\/et_pb_gallery][\/et_pb_column][et_pb_column type=\u00a0\u00bb1_2&Prime; _builder_version=\u00a0\u00bb3.19.15&Prime;][et_pb_gallery gallery_ids=\u00a0\u00bb15694,15695,15696,15697,15698&Prime; posts_number=\u00a0\u00bb2&Prime; _builder_version=\u00a0\u00bb3.19.15&Prime;][\/et_pb_gallery][\/et_pb_column][\/et_pb_row][\/et_pb_section]<\/p>\n","protected":false},"excerpt":{"rendered":"<p>[et_pb_section fb_built=\u00a0\u00bb1&Prime; _builder_version=\u00a0\u00bb3.19.15&Prime; locked=\u00a0\u00bboff\u00a0\u00bb][et_pb_row _builder_version=\u00a0\u00bb3.19.15&Prime;][et_pb_column type=\u00a0\u00bb4_4&Prime; _builder_version=\u00a0\u00bb3.19.15&Prime;][et_pb_text _builder_version=\u00a0\u00bb3.19.15&Prime;] Geoffroy De Pennart et Laurent Audouin sont deux auteurs-illustrateurs jeunesse. De leur Amiti\u00e9 est n\u00e9e une Exposition commune compos\u00e9e d&rsquo;une quarantaine de panneaux, \u00e0 la fois p\u00e9dagogique et ludique qui d\u00e9voilent les coulisses de leurs cr\u00e9ations et les passerelles qui relient leurs deux univers. Ils expliquent les [&hellip;]<\/p>\n","protected":false},"author":1,"featured_media":0,"parent":0,"menu_order":0,"comment_status":"closed","ping_status":"closed","template":"","meta":{"_et_pb_use_builder":"on","_et_pb_old_content":"","spay_email":"","footnotes":""},"class_list":["post-15606","page","type-page","status-publish","hentry"],"yoast_head":"<!-- This site is optimized with the Yoast SEO plugin v18.6 - https:\/\/yoast.com\/wordpress\/plugins\/seo\/ -->\n<title>Petite Exposition De Pennart Audouin - Finelouche<\/title>\n<meta name=\"description\" content=\"D\u00e9couvrez la petite exposition de Geoffroy De Pennart et Laurent Audouin. Elle regroupe une quarantaine de panneaux ludiques et p\u00e9dagogique.\" \/>\n<meta name=\"robots\" content=\"index, follow, max-snippet:-1, max-image-preview:large, max-video-preview:-1\" \/>\n<link rel=\"canonical\" href=\"http:\/\/www.finelouche.petitlezard.com\/?page_id=15606\" \/>\n<meta property=\"og:locale\" content=\"fr_FR\" \/>\n<meta property=\"og:type\" content=\"article\" \/>\n<meta property=\"og:title\" content=\"Petite Exposition De Pennart Audouin - Finelouche\" \/>\n<meta property=\"og:description\" content=\"D\u00e9couvrez la petite exposition de Geoffroy De Pennart et Laurent Audouin. Elle regroupe une quarantaine de panneaux ludiques et p\u00e9dagogique.\" \/>\n<meta property=\"og:url\" content=\"http:\/\/www.finelouche.petitlezard.com\/?page_id=15606\" \/>\n<meta property=\"og:site_name\" content=\"Finelouche - Laurent Audouin - Am\u00e9lie Sarn\" \/>\n<meta property=\"article:modified_time\" content=\"2020-06-01T08:45:32+00:00\" \/>\n<meta property=\"og:image\" content=\"http:\/\/www.finelouche.petitlezard.com\/wp-content\/uploads\/2019\/03\/couv-dessinateur.png\" \/>\n\t<meta property=\"og:image:width\" content=\"500\" \/>\n\t<meta property=\"og:image:height\" content=\"627\" \/>\n\t<meta property=\"og:image:type\" content=\"image\/png\" \/>\n<meta name=\"twitter:card\" content=\"summary_large_image\" \/>\n<meta name=\"twitter:label1\" content=\"Dur\u00e9e de lecture estim\u00e9e\" \/>\n\t<meta name=\"twitter:data1\" content=\"2 minutes\" \/>\n<script type=\"application\/ld+json\" class=\"yoast-schema-graph\">{\"@context\":\"https:\/\/schema.org\",\"@graph\":[{\"@type\":[\"Person\",\"Organization\"],\"@id\":\"http:\/\/www.finelouche.petitlezard.com\/#\/schema\/person\/73f67114688c057c63ebe91fff4b86c4\",\"name\":\"Laurent Audouin\",\"image\":{\"@type\":\"ImageObject\",\"@id\":\"http:\/\/www.finelouche.petitlezard.com\/#personlogo\",\"inLanguage\":\"fr-FR\",\"url\":\"http:\/\/www.finelouche.petitlezard.com\/wp-content\/uploads\/2019\/04\/dedicaces-1-1024x856.jpg\",\"contentUrl\":\"http:\/\/www.finelouche.petitlezard.com\/wp-content\/uploads\/2019\/04\/dedicaces-1-1024x856.jpg\",\"width\":1024,\"height\":856,\"caption\":\"Laurent Audouin\"},\"logo\":{\"@id\":\"http:\/\/www.finelouche.petitlezard.com\/#personlogo\"},\"sameAs\":[\"http:\/\/www.finelouche.petitlezard.com\/wp-admin\/user-new.php\"]},{\"@type\":\"WebSite\",\"@id\":\"http:\/\/www.finelouche.petitlezard.com\/#website\",\"url\":\"http:\/\/www.finelouche.petitlezard.com\/\",\"name\":\"Finelouche - Laurent Audouin - Am\u00e9lie Sarn\",\"description\":\"D\u00e9couvrez les aventures fantastiques de Sacr\u00e9-Coeur et Victor et Ad\u00e9lie, aventuriers axtraordinaires, ainsi que leurs auteurs Laurent Audouin et Am\u00e9lie Sarn.\",\"publisher\":{\"@id\":\"http:\/\/www.finelouche.petitlezard.com\/#\/schema\/person\/73f67114688c057c63ebe91fff4b86c4\"},\"potentialAction\":[{\"@type\":\"SearchAction\",\"target\":{\"@type\":\"EntryPoint\",\"urlTemplate\":\"http:\/\/www.finelouche.petitlezard.com\/?s={search_term_string}\"},\"query-input\":\"required name=search_term_string\"}],\"inLanguage\":\"fr-FR\"},{\"@type\":\"WebPage\",\"@id\":\"http:\/\/www.finelouche.petitlezard.com\/?page_id=15606#webpage\",\"url\":\"http:\/\/www.finelouche.petitlezard.com\/?page_id=15606\",\"name\":\"Petite Exposition De Pennart Audouin - Finelouche\",\"isPartOf\":{\"@id\":\"http:\/\/www.finelouche.petitlezard.com\/#website\"},\"datePublished\":\"2020-05-08T12:28:42+00:00\",\"dateModified\":\"2020-06-01T08:45:32+00:00\",\"description\":\"D\u00e9couvrez la petite exposition de Geoffroy De Pennart et Laurent Audouin. Elle regroupe une quarantaine de panneaux ludiques et p\u00e9dagogique.\",\"breadcrumb\":{\"@id\":\"http:\/\/www.finelouche.petitlezard.com\/?page_id=15606#breadcrumb\"},\"inLanguage\":\"fr-FR\",\"potentialAction\":[{\"@type\":\"ReadAction\",\"target\":[\"http:\/\/www.finelouche.petitlezard.com\/?page_id=15606\"]}]},{\"@type\":\"BreadcrumbList\",\"@id\":\"http:\/\/www.finelouche.petitlezard.com\/?page_id=15606#breadcrumb\",\"itemListElement\":[{\"@type\":\"ListItem\",\"position\":1,\"name\":\"Accueil\",\"item\":\"http:\/\/www.finelouche.petitlezard.com\/\"},{\"@type\":\"ListItem\",\"position\":2,\"name\":\"Exposition De Pennart-Audouin\"}]}]}<\/script>\n<!-- \/ Yoast SEO plugin. -->","yoast_head_json":{"title":"Petite Exposition De Pennart Audouin - Finelouche","description":"D\u00e9couvrez la petite exposition de Geoffroy De Pennart et Laurent Audouin. Elle regroupe une quarantaine de panneaux ludiques et p\u00e9dagogique.","robots":{"index":"index","follow":"follow","max-snippet":"max-snippet:-1","max-image-preview":"max-image-preview:large","max-video-preview":"max-video-preview:-1"},"canonical":"http:\/\/www.finelouche.petitlezard.com\/?page_id=15606","og_locale":"fr_FR","og_type":"article","og_title":"Petite Exposition De Pennart Audouin - Finelouche","og_description":"D\u00e9couvrez la petite exposition de Geoffroy De Pennart et Laurent Audouin. Elle regroupe une quarantaine de panneaux ludiques et p\u00e9dagogique.","og_url":"http:\/\/www.finelouche.petitlezard.com\/?page_id=15606","og_site_name":"Finelouche - Laurent Audouin - Am\u00e9lie Sarn","article_modified_time":"2020-06-01T08:45:32+00:00","og_image":[{"width":500,"height":627,"url":"http:\/\/www.finelouche.petitlezard.com\/wp-content\/uploads\/2019\/03\/couv-dessinateur.png","type":"image\/png"}],"twitter_card":"summary_large_image","twitter_misc":{"Dur\u00e9e de lecture estim\u00e9e":"2 minutes"},"schema":{"@context":"https:\/\/schema.org","@graph":[{"@type":["Person","Organization"],"@id":"http:\/\/www.finelouche.petitlezard.com\/#\/schema\/person\/73f67114688c057c63ebe91fff4b86c4","name":"Laurent Audouin","image":{"@type":"ImageObject","@id":"http:\/\/www.finelouche.petitlezard.com\/#personlogo","inLanguage":"fr-FR","url":"http:\/\/www.finelouche.petitlezard.com\/wp-content\/uploads\/2019\/04\/dedicaces-1-1024x856.jpg","contentUrl":"http:\/\/www.finelouche.petitlezard.com\/wp-content\/uploads\/2019\/04\/dedicaces-1-1024x856.jpg","width":1024,"height":856,"caption":"Laurent Audouin"},"logo":{"@id":"http:\/\/www.finelouche.petitlezard.com\/#personlogo"},"sameAs":["http:\/\/www.finelouche.petitlezard.com\/wp-admin\/user-new.php"]},{"@type":"WebSite","@id":"http:\/\/www.finelouche.petitlezard.com\/#website","url":"http:\/\/www.finelouche.petitlezard.com\/","name":"Finelouche - Laurent Audouin - Am\u00e9lie Sarn","description":"D\u00e9couvrez les aventures fantastiques de Sacr\u00e9-Coeur et Victor et Ad\u00e9lie, aventuriers axtraordinaires, ainsi que leurs auteurs Laurent Audouin et Am\u00e9lie Sarn.","publisher":{"@id":"http:\/\/www.finelouche.petitlezard.com\/#\/schema\/person\/73f67114688c057c63ebe91fff4b86c4"},"potentialAction":[{"@type":"SearchAction","target":{"@type":"EntryPoint","urlTemplate":"http:\/\/www.finelouche.petitlezard.com\/?s={search_term_string}"},"query-input":"required name=search_term_string"}],"inLanguage":"fr-FR"},{"@type":"WebPage","@id":"http:\/\/www.finelouche.petitlezard.com\/?page_id=15606#webpage","url":"http:\/\/www.finelouche.petitlezard.com\/?page_id=15606","name":"Petite Exposition De Pennart Audouin - Finelouche","isPartOf":{"@id":"http:\/\/www.finelouche.petitlezard.com\/#website"},"datePublished":"2020-05-08T12:28:42+00:00","dateModified":"2020-06-01T08:45:32+00:00","description":"D\u00e9couvrez la petite exposition de Geoffroy De Pennart et Laurent Audouin. Elle regroupe une quarantaine de panneaux ludiques et p\u00e9dagogique.","breadcrumb":{"@id":"http:\/\/www.finelouche.petitlezard.com\/?page_id=15606#breadcrumb"},"inLanguage":"fr-FR","potentialAction":[{"@type":"ReadAction","target":["http:\/\/www.finelouche.petitlezard.com\/?page_id=15606"]}]},{"@type":"BreadcrumbList","@id":"http:\/\/www.finelouche.petitlezard.com\/?page_id=15606#breadcrumb","itemListElement":[{"@type":"ListItem","position":1,"name":"Accueil","item":"http:\/\/www.finelouche.petitlezard.com\/"},{"@type":"ListItem","position":2,"name":"Exposition De Pennart-Audouin"}]}]}},"amp_enabled":true,"_links":{"self":[{"href":"http:\/\/www.finelouche.petitlezard.com\/index.php?rest_route=\/wp\/v2\/pages\/15606","targetHints":{"allow":["GET"]}}],"collection":[{"href":"http:\/\/www.finelouche.petitlezard.com\/index.php?rest_route=\/wp\/v2\/pages"}],"about":[{"href":"http:\/\/www.finelouche.petitlezard.com\/index.php?rest_route=\/wp\/v2\/types\/page"}],"author":[{"embeddable":true,"href":"http:\/\/www.finelouche.petitlezard.com\/index.php?rest_route=\/wp\/v2\/users\/1"}],"replies":[{"embeddable":true,"href":"http:\/\/www.finelouche.petitlezard.com\/index.php?rest_route=%2Fwp%2Fv2%2Fcomments&post=15606"}],"version-history":[{"count":18,"href":"http:\/\/www.finelouche.petitlezard.com\/index.php?rest_route=\/wp\/v2\/pages\/15606\/revisions"}],"predecessor-version":[{"id":15986,"href":"http:\/\/www.finelouche.petitlezard.com\/index.php?rest_route=\/wp\/v2\/pages\/15606\/revisions\/15986"}],"wp:attachment":[{"href":"http:\/\/www.finelouche.petitlezard.com\/index.php?rest_route=%2Fwp%2Fv2%2Fmedia&parent=15606"}],"curies":[{"name":"wp","href":"https:\/\/api.w.org\/{rel}","templated":true}]}}